{"id":100,"date":"2019-11-26T10:52:38","date_gmt":"2019-11-26T09:52:38","guid":{"rendered":"https:\/\/www.praxis-hirschberg.com\/?page_id=100"},"modified":"2020-06-17T16:21:51","modified_gmt":"2020-06-17T14:21:51","slug":"begutachtung","status":"publish","type":"page","link":"https:\/\/www.praxis-hirschberg.com\/?page_id=100","title":{"rendered":"Begutachtung"},"content":{"rendered":"<p>Hier biete ich Diagnostik, Stellungnahmen und Begutachtungen f\u00fcr \u00f6ffentliche Einrichtungen an.<\/p>\n<p>Unter Diagnostik kann eine Leistungs- und Intelligenzdiagnostik f\u00fcr private Zwecke erfolgen. Es k\u00f6nnen Fragen zur weiteren beruflichen Entwicklung gekl\u00e4rt werden. Diese kann auch f\u00fcr Kinder oder Jugendliche erfolgen, da ich hier \u00fcber gen\u00fcgend Erfahrung verf\u00fcge. Da es sich dann um keine Krankenbehandlung handelt, erfolgt im Interesse niedriger Krankenkassenbeitr\u00e4ge eine private Finanzierung. Hierbei erfragen Sie bitte die jeweiligen Preise telefonisch. In der Regel liegt der Stundensatz bei den f\u00fcr Therapeuten \u00fcblichen 100,&#8211; \u20ac pro Stunde und f\u00fcr die Testleistung eine Abrechnung nach der Geb\u00fchrenordnung f\u00fcr private Krankenversicherungen.<\/p>\n","protected":false},"excerpt":{"rendered":"<p>Hier biete ich Diagnostik, Stellungnahmen und Begutachtungen f\u00fcr \u00f6ffentliche Einrichtungen an. Unter Diagnostik kann eine Leistungs- und Intelligenzdiagnostik f\u00fcr private Zwecke erfolgen. Es k\u00f6nnen Fragen zur weiteren beruflichen Entwicklung gekl\u00e4rt werden. Diese kann auch f\u00fcr Kinder oder Jugendliche erfolgen, da ich hier \u00fcber gen\u00fcgend Erfahrung verf\u00fcge. Da es sich dann um keine Krankenbehandlung handelt, erfolgt &hellip; <\/p>\n<p class=\"link-more\"><a href=\"https:\/\/www.praxis-hirschberg.com\/?page_id=100\" class=\"more-link\"><span class=\"screen-reader-text\">\u201eBegutachtung\u201c<\/span> weiterlesen<\/a><\/p>\n","protected":false},"author":1,"featured_media":0,"parent":0,"menu_order":0,"comment_status":"closed","ping_status":"closed","template":"","meta":[],"yoast_head":"<!-- This site is optimized with the Yoast SEO plugin v20.4 - https:\/\/yoast.com\/wordpress\/plugins\/seo\/ -->\n<title>Begutachtung - Psychotherapiepraxis Wilmersdorf<\/title>\n<meta name=\"robots\" content=\"index, follow, max-snippet:-1, max-image-preview:large, max-video-preview:-1\" \/>\n<link rel=\"canonical\" href=\"https:\/\/www.praxis-hirschberg.com\/?page_id=100\" \/>\n<meta property=\"og:locale\" content=\"de_DE\" \/>\n<meta property=\"og:type\" content=\"article\" \/>\n<meta property=\"og:title\" content=\"Begutachtung - Psychotherapiepraxis Wilmersdorf\" \/>\n<meta property=\"og:description\" content=\"Hier biete ich Diagnostik, Stellungnahmen und Begutachtungen f\u00fcr \u00f6ffentliche Einrichtungen an. Unter Diagnostik kann eine Leistungs- und Intelligenzdiagnostik f\u00fcr private Zwecke erfolgen. Es k\u00f6nnen Fragen zur weiteren beruflichen Entwicklung gekl\u00e4rt werden. Diese kann auch f\u00fcr Kinder oder Jugendliche erfolgen, da ich hier \u00fcber gen\u00fcgend Erfahrung verf\u00fcge. Da es sich dann um keine Krankenbehandlung handelt, erfolgt &hellip; \u201eBegutachtung\u201c weiterlesen\" \/>\n<meta property=\"og:url\" content=\"https:\/\/www.praxis-hirschberg.com\/?page_id=100\" \/>\n<meta property=\"og:site_name\" content=\"Psychotherapiepraxis Wilmersdorf\" \/>\n<meta property=\"article:modified_time\" content=\"2020-06-17T14:21:51+00:00\" \/>\n<meta name=\"twitter:card\" content=\"summary_large_image\" \/>\n<meta name=\"twitter:label1\" content=\"Gesch\u00e4tzte Lesezeit\" \/>\n\t<meta name=\"twitter:data1\" content=\"1\u00a0Minute\" \/>\n<script type=\"application\/ld+json\" class=\"yoast-schema-graph\">{\"@context\":\"https:\/\/schema.org\",\"@graph\":[{\"@type\":\"WebPage\",\"@id\":\"https:\/\/www.praxis-hirschberg.com\/?page_id=100\",\"url\":\"https:\/\/www.praxis-hirschberg.com\/?page_id=100\",\"name\":\"Begutachtung - Psychotherapiepraxis Wilmersdorf\",\"isPartOf\":{\"@id\":\"https:\/\/www.praxis-hirschberg.com\/#website\"},\"datePublished\":\"2019-11-26T09:52:38+00:00\",\"dateModified\":\"2020-06-17T14:21:51+00:00\",\"breadcrumb\":{\"@id\":\"https:\/\/www.praxis-hirschberg.com\/?page_id=100#breadcrumb\"},\"inLanguage\":\"de\",\"potentialAction\":[{\"@type\":\"ReadAction\",\"target\":[\"https:\/\/www.praxis-hirschberg.com\/?page_id=100\"]}]},{\"@type\":\"BreadcrumbList\",\"@id\":\"https:\/\/www.praxis-hirschberg.com\/?page_id=100#breadcrumb\",\"itemListElement\":[{\"@type\":\"ListItem\",\"position\":1,\"name\":\"Startseite\",\"item\":\"https:\/\/www.praxis-hirschberg.com\/\"},{\"@type\":\"ListItem\",\"position\":2,\"name\":\"Begutachtung\"}]},{\"@type\":\"WebSite\",\"@id\":\"https:\/\/www.praxis-hirschberg.com\/#website\",\"url\":\"https:\/\/www.praxis-hirschberg.com\/\",\"name\":\"Psychotherapiepraxis Wilmersdorf\",\"description\":\"Dipl.-Psych. Jan-Per Hirschberg\",\"publisher\":{\"@id\":\"https:\/\/www.praxis-hirschberg.com\/#organization\"},\"potentialAction\":[{\"@type\":\"SearchAction\",\"target\":{\"@type\":\"EntryPoint\",\"urlTemplate\":\"https:\/\/www.praxis-hirschberg.com\/?s={search_term_string}\"},\"query-input\":\"required name=search_term_string\"}],\"inLanguage\":\"de\"},{\"@type\":\"Organization\",\"@id\":\"https:\/\/www.praxis-hirschberg.com\/#organization\",\"name\":\"Psychotherapiepraxis Wilmersdorf\",\"url\":\"https:\/\/www.praxis-hirschberg.com\/\",\"logo\":{\"@type\":\"ImageObject\",\"inLanguage\":\"de\",\"@id\":\"https:\/\/www.praxis-hirschberg.com\/#\/schema\/logo\/image\/\",\"url\":\"https:\/\/www.praxis-hirschberg.com\/wp-content\/uploads\/2020\/06\/Segelboot-Logo.jpg\",\"contentUrl\":\"https:\/\/www.praxis-hirschberg.com\/wp-content\/uploads\/2020\/06\/Segelboot-Logo.jpg\",\"width\":1700,\"height\":2338,\"caption\":\"Psychotherapiepraxis Wilmersdorf\"},\"image\":{\"@id\":\"https:\/\/www.praxis-hirschberg.com\/#\/schema\/logo\/image\/\"}}]}<\/script>\n<!-- \/ Yoast SEO plugin. -->","yoast_head_json":{"title":"Begutachtung - Psychotherapiepraxis Wilmersdorf","robots":{"index":"index","follow":"follow","max-snippet":"max-snippet:-1","max-image-preview":"max-image-preview:large","max-video-preview":"max-video-preview:-1"},"canonical":"https:\/\/www.praxis-hirschberg.com\/?page_id=100","og_locale":"de_DE","og_type":"article","og_title":"Begutachtung - Psychotherapiepraxis Wilmersdorf","og_description":"Hier biete ich Diagnostik, Stellungnahmen und Begutachtungen f\u00fcr \u00f6ffentliche Einrichtungen an. Unter Diagnostik kann eine Leistungs- und Intelligenzdiagnostik f\u00fcr private Zwecke erfolgen. Es k\u00f6nnen Fragen zur weiteren beruflichen Entwicklung gekl\u00e4rt werden. Diese kann auch f\u00fcr Kinder oder Jugendliche erfolgen, da ich hier \u00fcber gen\u00fcgend Erfahrung verf\u00fcge. Da es sich dann um keine Krankenbehandlung handelt, erfolgt &hellip; \u201eBegutachtung\u201c weiterlesen","og_url":"https:\/\/www.praxis-hirschberg.com\/?page_id=100","og_site_name":"Psychotherapiepraxis Wilmersdorf","article_modified_time":"2020-06-17T14:21:51+00:00","twitter_card":"summary_large_image","twitter_misc":{"Gesch\u00e4tzte Lesezeit":"1\u00a0Minute"},"schema":{"@context":"https:\/\/schema.org","@graph":[{"@type":"WebPage","@id":"https:\/\/www.praxis-hirschberg.com\/?page_id=100","url":"https:\/\/www.praxis-hirschberg.com\/?page_id=100","name":"Begutachtung - Psychotherapiepraxis Wilmersdorf","isPartOf":{"@id":"https:\/\/www.praxis-hirschberg.com\/#website"},"datePublished":"2019-11-26T09:52:38+00:00","dateModified":"2020-06-17T14:21:51+00:00","breadcrumb":{"@id":"https:\/\/www.praxis-hirschberg.com\/?page_id=100#breadcrumb"},"inLanguage":"de","potentialAction":[{"@type":"ReadAction","target":["https:\/\/www.praxis-hirschberg.com\/?page_id=100"]}]},{"@type":"BreadcrumbList","@id":"https:\/\/www.praxis-hirschberg.com\/?page_id=100#breadcrumb","itemListElement":[{"@type":"ListItem","position":1,"name":"Startseite","item":"https:\/\/www.praxis-hirschberg.com\/"},{"@type":"ListItem","position":2,"name":"Begutachtung"}]},{"@type":"WebSite","@id":"https:\/\/www.praxis-hirschberg.com\/#website","url":"https:\/\/www.praxis-hirschberg.com\/","name":"Psychotherapiepraxis Wilmersdorf","description":"Dipl.-Psych. Jan-Per Hirschberg","publisher":{"@id":"https:\/\/www.praxis-hirschberg.com\/#organization"},"potentialAction":[{"@type":"SearchAction","target":{"@type":"EntryPoint","urlTemplate":"https:\/\/www.praxis-hirschberg.com\/?s={search_term_string}"},"query-input":"required name=search_term_string"}],"inLanguage":"de"},{"@type":"Organization","@id":"https:\/\/www.praxis-hirschberg.com\/#organization","name":"Psychotherapiepraxis Wilmersdorf","url":"https:\/\/www.praxis-hirschberg.com\/","logo":{"@type":"ImageObject","inLanguage":"de","@id":"https:\/\/www.praxis-hirschberg.com\/#\/schema\/logo\/image\/","url":"https:\/\/www.praxis-hirschberg.com\/wp-content\/uploads\/2020\/06\/Segelboot-Logo.jpg","contentUrl":"https:\/\/www.praxis-hirschberg.com\/wp-content\/uploads\/2020\/06\/Segelboot-Logo.jpg","width":1700,"height":2338,"caption":"Psychotherapiepraxis Wilmersdorf"},"image":{"@id":"https:\/\/www.praxis-hirschberg.com\/#\/schema\/logo\/image\/"}}]}},"_links":{"self":[{"href":"https:\/\/www.praxis-hirschberg.com\/index.php?rest_route=\/wp\/v2\/pages\/100"}],"collection":[{"href":"https:\/\/www.praxis-hirschberg.com\/index.php?rest_route=\/wp\/v2\/pages"}],"about":[{"href":"https:\/\/www.praxis-hirschberg.com\/index.php?rest_route=\/wp\/v2\/types\/page"}],"author":[{"embeddable":true,"href":"https:\/\/www.praxis-hirschberg.com\/index.php?rest_route=\/wp\/v2\/users\/1"}],"replies":[{"embeddable":true,"href":"https:\/\/www.praxis-hirschberg.com\/index.php?rest_route=%2Fwp%2Fv2%2Fcomments&post=100"}],"version-history":[{"count":6,"href":"https:\/\/www.praxis-hirschberg.com\/index.php?rest_route=\/wp\/v2\/pages\/100\/revisions"}],"predecessor-version":[{"id":286,"href":"https:\/\/www.praxis-hirschberg.com\/index.php?rest_route=\/wp\/v2\/pages\/100\/revisions\/286"}],"wp:attachment":[{"href":"https:\/\/www.praxis-hirschberg.com\/index.php?rest_route=%2Fwp%2Fv2%2Fmedia&parent=100"}],"curies":[{"name":"wp","href":"https:\/\/api.w.org\/{rel}","templated":true}]}}