{"id":143,"date":"2019-11-26T13:04:37","date_gmt":"2019-11-26T12:04:37","guid":{"rendered":"https:\/\/www.praxis-hirschberg.com\/?page_id=143"},"modified":"2019-11-26T13:06:57","modified_gmt":"2019-11-26T12:06:57","slug":"psychologische-beratung","status":"publish","type":"page","link":"https:\/\/www.praxis-hirschberg.com\/?page_id=143","title":{"rendered":"Psychologische Beratung"},"content":{"rendered":"<p>Unter diesem Punkt kann alles zusammengefasst werden, was nicht direkt Psychotherapie ist. Diese Leistung k\u00f6nnen Sie aber auch in Anspruch nehmen, wenn Sie \u00fcberlegen ob eine Therapie f\u00fcr Sie sinnvoll und notwendig erscheint. Auch die Frage welche Form und wo Sie geeignete Hilfe finden, kann besprochen werden. Des Weiteren steht zu Beginn jeder Verhaltenstherapie die Vermittlung von Informationen \u00fcber das individuelle Problem. Dies k\u00f6nnen Sie hier erhalten ohne gleich eine l\u00e4nger dauernde Psychotherapie durchzuf\u00fchren. So k\u00f6nnen sich z.B. in Psychoanalyse befindliche Personen \u00fcber eine Verhaltenstherapie informieren.<\/p>\n<p>In diesem Fall erfolgt eine Abrechnung zu Lasten der Krankenkassen.<\/p>\n<p>Wie Sie unter dem Bereich Psychotherapie erfahren haben, gibt es Schwerpunkte und Vorlieben bei Therapeuten, die man im Vorfeld nicht kennen kann. Da es \u00e4u\u00dferst schwierig sein kann \u00fcber seine Probleme mit einem zun\u00e4chst Fremden zu sprechen, erscheint eine Empfehlung mit Tipps sich gleich an die f\u00fcr Sie richtige Stelle zu wenden hilfreich. Ich hoffe Ihnen dann weiterhelfen zu k\u00f6nnen.<\/p>\n<p>Des Weiteren k\u00f6nnen in einer psychologischen Beratung viele Fragen zu pers\u00f6nlichen Problemen beantwortet werden. Nicht jeder, der mit Schwierigkeiten k\u00e4mpft, leidet nicht auch automatisch an einer \u201epsychischen Erkrankung\u201c. Ich habe diesen Ausdruck in Anf\u00fchrungszeichen gesetzt, weil eine klare Abgrenzung und Definition von krank oder auch gesund in meinen Augen nicht m\u00f6glich ist!<\/p>\n<p>In diesem Bereich k\u00f6nnen auch Fragen zu Dritten gekl\u00e4rt werden. Hierbei kann es z.B. um den Umgang mit einer Erkrankung, wie Alzheimer bei einem Elternteil oder ADS bei einem Kind gehen.<\/p>\n<p>Auch weniger spezielle Fragen zu Ihrem pers\u00f6nlichen Leben, wie z.B. \u00fcber Partnerschaft oder berufliche Entwicklung k\u00f6nnen besprochen werden.<\/p>\n<p>Da es sich hierbei um ein sehr weit gefasstes Feld handelt, bitte ich Sie bei der Kontaktaufnahme mir schon einige Vorinformationen zu geben. Dies ist notwendig, da ich nicht alle Fragen direkt beantworten kann und f\u00fcr bestimmte Themen mich auch erst vorbereiten mu\u00df. Dies dient auch Ihnen, weil ich dann Informationen als Kopie f\u00fcr Sie zusammenstellen kann.<\/p>\n<p>Eine psychologische Beratung ist, wie oben beschrieben, keine direkte Psychotherapie und kann deshalb nicht zu Lasten der Krankenkasse durchgef\u00fchrt werden. Hier gilt der f\u00fcr Psychotherapeuten \u00fcbliche Stundensatz von 100,&#8211; \u20ac<\/p>\n","protected":false},"excerpt":{"rendered":"<p>Unter diesem Punkt kann alles zusammengefasst werden, was nicht direkt Psychotherapie ist. Diese Leistung k\u00f6nnen Sie aber auch in Anspruch nehmen, wenn Sie \u00fcberlegen ob eine Therapie f\u00fcr Sie sinnvoll und notwendig erscheint. Auch die Frage welche Form und wo Sie geeignete Hilfe finden, kann besprochen werden. Des Weiteren steht zu Beginn jeder Verhaltenstherapie die &hellip; <\/p>\n<p class=\"link-more\"><a href=\"https:\/\/www.praxis-hirschberg.com\/?page_id=143\" class=\"more-link\"><span class=\"screen-reader-text\">\u201ePsychologische Beratung\u201c<\/span> weiterlesen<\/a><\/p>\n","protected":false},"author":1,"featured_media":0,"parent":0,"menu_order":0,"comment_status":"closed","ping_status":"closed","template":"","meta":[],"yoast_head":"<!-- This site is optimized with the Yoast SEO plugin v20.4 - https:\/\/yoast.com\/wordpress\/plugins\/seo\/ -->\n<title>Psychologische Beratung - Psychotherapiepraxis Wilmersdorf<\/title>\n<meta name=\"robots\" content=\"index, follow, max-snippet:-1, max-image-preview:large, max-video-preview:-1\" \/>\n<link rel=\"canonical\" href=\"https:\/\/www.praxis-hirschberg.com\/?page_id=143\" \/>\n<meta property=\"og:locale\" content=\"de_DE\" \/>\n<meta property=\"og:type\" content=\"article\" \/>\n<meta property=\"og:title\" content=\"Psychologische Beratung - Psychotherapiepraxis Wilmersdorf\" \/>\n<meta property=\"og:description\" content=\"Unter diesem Punkt kann alles zusammengefasst werden, was nicht direkt Psychotherapie ist. Diese Leistung k\u00f6nnen Sie aber auch in Anspruch nehmen, wenn Sie \u00fcberlegen ob eine Therapie f\u00fcr Sie sinnvoll und notwendig erscheint. Auch die Frage welche Form und wo Sie geeignete Hilfe finden, kann besprochen werden. Des Weiteren steht zu Beginn jeder Verhaltenstherapie die &hellip; \u201ePsychologische Beratung\u201c weiterlesen\" \/>\n<meta property=\"og:url\" content=\"https:\/\/www.praxis-hirschberg.com\/?page_id=143\" \/>\n<meta property=\"og:site_name\" content=\"Psychotherapiepraxis Wilmersdorf\" \/>\n<meta property=\"article:modified_time\" content=\"2019-11-26T12:06:57+00:00\" \/>\n<meta name=\"twitter:card\" content=\"summary_large_image\" \/>\n<meta name=\"twitter:label1\" content=\"Gesch\u00e4tzte Lesezeit\" \/>\n\t<meta name=\"twitter:data1\" content=\"2\u00a0Minuten\" \/>\n<script type=\"application\/ld+json\" class=\"yoast-schema-graph\">{\"@context\":\"https:\/\/schema.org\",\"@graph\":[{\"@type\":\"WebPage\",\"@id\":\"https:\/\/www.praxis-hirschberg.com\/?page_id=143\",\"url\":\"https:\/\/www.praxis-hirschberg.com\/?page_id=143\",\"name\":\"Psychologische Beratung - Psychotherapiepraxis Wilmersdorf\",\"isPartOf\":{\"@id\":\"https:\/\/www.praxis-hirschberg.com\/#website\"},\"datePublished\":\"2019-11-26T12:04:37+00:00\",\"dateModified\":\"2019-11-26T12:06:57+00:00\",\"breadcrumb\":{\"@id\":\"https:\/\/www.praxis-hirschberg.com\/?page_id=143#breadcrumb\"},\"inLanguage\":\"de\",\"potentialAction\":[{\"@type\":\"ReadAction\",\"target\":[\"https:\/\/www.praxis-hirschberg.com\/?page_id=143\"]}]},{\"@type\":\"BreadcrumbList\",\"@id\":\"https:\/\/www.praxis-hirschberg.com\/?page_id=143#breadcrumb\",\"itemListElement\":[{\"@type\":\"ListItem\",\"position\":1,\"name\":\"Startseite\",\"item\":\"https:\/\/www.praxis-hirschberg.com\/\"},{\"@type\":\"ListItem\",\"position\":2,\"name\":\"Psychologische Beratung\"}]},{\"@type\":\"WebSite\",\"@id\":\"https:\/\/www.praxis-hirschberg.com\/#website\",\"url\":\"https:\/\/www.praxis-hirschberg.com\/\",\"name\":\"Psychotherapiepraxis Wilmersdorf\",\"description\":\"Dipl.-Psych. Jan-Per Hirschberg\",\"publisher\":{\"@id\":\"https:\/\/www.praxis-hirschberg.com\/#organization\"},\"potentialAction\":[{\"@type\":\"SearchAction\",\"target\":{\"@type\":\"EntryPoint\",\"urlTemplate\":\"https:\/\/www.praxis-hirschberg.com\/?s={search_term_string}\"},\"query-input\":\"required name=search_term_string\"}],\"inLanguage\":\"de\"},{\"@type\":\"Organization\",\"@id\":\"https:\/\/www.praxis-hirschberg.com\/#organization\",\"name\":\"Psychotherapiepraxis Wilmersdorf\",\"url\":\"https:\/\/www.praxis-hirschberg.com\/\",\"logo\":{\"@type\":\"ImageObject\",\"inLanguage\":\"de\",\"@id\":\"https:\/\/www.praxis-hirschberg.com\/#\/schema\/logo\/image\/\",\"url\":\"https:\/\/www.praxis-hirschberg.com\/wp-content\/uploads\/2020\/06\/Segelboot-Logo.jpg\",\"contentUrl\":\"https:\/\/www.praxis-hirschberg.com\/wp-content\/uploads\/2020\/06\/Segelboot-Logo.jpg\",\"width\":1700,\"height\":2338,\"caption\":\"Psychotherapiepraxis Wilmersdorf\"},\"image\":{\"@id\":\"https:\/\/www.praxis-hirschberg.com\/#\/schema\/logo\/image\/\"}}]}<\/script>\n<!-- \/ Yoast SEO plugin. -->","yoast_head_json":{"title":"Psychologische Beratung - Psychotherapiepraxis Wilmersdorf","robots":{"index":"index","follow":"follow","max-snippet":"max-snippet:-1","max-image-preview":"max-image-preview:large","max-video-preview":"max-video-preview:-1"},"canonical":"https:\/\/www.praxis-hirschberg.com\/?page_id=143","og_locale":"de_DE","og_type":"article","og_title":"Psychologische Beratung - Psychotherapiepraxis Wilmersdorf","og_description":"Unter diesem Punkt kann alles zusammengefasst werden, was nicht direkt Psychotherapie ist. Diese Leistung k\u00f6nnen Sie aber auch in Anspruch nehmen, wenn Sie \u00fcberlegen ob eine Therapie f\u00fcr Sie sinnvoll und notwendig erscheint. Auch die Frage welche Form und wo Sie geeignete Hilfe finden, kann besprochen werden. Des Weiteren steht zu Beginn jeder Verhaltenstherapie die &hellip; \u201ePsychologische Beratung\u201c weiterlesen","og_url":"https:\/\/www.praxis-hirschberg.com\/?page_id=143","og_site_name":"Psychotherapiepraxis Wilmersdorf","article_modified_time":"2019-11-26T12:06:57+00:00","twitter_card":"summary_large_image","twitter_misc":{"Gesch\u00e4tzte Lesezeit":"2\u00a0Minuten"},"schema":{"@context":"https:\/\/schema.org","@graph":[{"@type":"WebPage","@id":"https:\/\/www.praxis-hirschberg.com\/?page_id=143","url":"https:\/\/www.praxis-hirschberg.com\/?page_id=143","name":"Psychologische Beratung - Psychotherapiepraxis Wilmersdorf","isPartOf":{"@id":"https:\/\/www.praxis-hirschberg.com\/#website"},"datePublished":"2019-11-26T12:04:37+00:00","dateModified":"2019-11-26T12:06:57+00:00","breadcrumb":{"@id":"https:\/\/www.praxis-hirschberg.com\/?page_id=143#breadcrumb"},"inLanguage":"de","potentialAction":[{"@type":"ReadAction","target":["https:\/\/www.praxis-hirschberg.com\/?page_id=143"]}]},{"@type":"BreadcrumbList","@id":"https:\/\/www.praxis-hirschberg.com\/?page_id=143#breadcrumb","itemListElement":[{"@type":"ListItem","position":1,"name":"Startseite","item":"https:\/\/www.praxis-hirschberg.com\/"},{"@type":"ListItem","position":2,"name":"Psychologische Beratung"}]},{"@type":"WebSite","@id":"https:\/\/www.praxis-hirschberg.com\/#website","url":"https:\/\/www.praxis-hirschberg.com\/","name":"Psychotherapiepraxis Wilmersdorf","description":"Dipl.-Psych. Jan-Per Hirschberg","publisher":{"@id":"https:\/\/www.praxis-hirschberg.com\/#organization"},"potentialAction":[{"@type":"SearchAction","target":{"@type":"EntryPoint","urlTemplate":"https:\/\/www.praxis-hirschberg.com\/?s={search_term_string}"},"query-input":"required name=search_term_string"}],"inLanguage":"de"},{"@type":"Organization","@id":"https:\/\/www.praxis-hirschberg.com\/#organization","name":"Psychotherapiepraxis Wilmersdorf","url":"https:\/\/www.praxis-hirschberg.com\/","logo":{"@type":"ImageObject","inLanguage":"de","@id":"https:\/\/www.praxis-hirschberg.com\/#\/schema\/logo\/image\/","url":"https:\/\/www.praxis-hirschberg.com\/wp-content\/uploads\/2020\/06\/Segelboot-Logo.jpg","contentUrl":"https:\/\/www.praxis-hirschberg.com\/wp-content\/uploads\/2020\/06\/Segelboot-Logo.jpg","width":1700,"height":2338,"caption":"Psychotherapiepraxis Wilmersdorf"},"image":{"@id":"https:\/\/www.praxis-hirschberg.com\/#\/schema\/logo\/image\/"}}]}},"_links":{"self":[{"href":"https:\/\/www.praxis-hirschberg.com\/index.php?rest_route=\/wp\/v2\/pages\/143"}],"collection":[{"href":"https:\/\/www.praxis-hirschberg.com\/index.php?rest_route=\/wp\/v2\/pages"}],"about":[{"href":"https:\/\/www.praxis-hirschberg.com\/index.php?rest_route=\/wp\/v2\/types\/page"}],"author":[{"embeddable":true,"href":"https:\/\/www.praxis-hirschberg.com\/index.php?rest_route=\/wp\/v2\/users\/1"}],"replies":[{"embeddable":true,"href":"https:\/\/www.praxis-hirschberg.com\/index.php?rest_route=%2Fwp%2Fv2%2Fcomments&post=143"}],"version-history":[{"count":2,"href":"https:\/\/www.praxis-hirschberg.com\/index.php?rest_route=\/wp\/v2\/pages\/143\/revisions"}],"predecessor-version":[{"id":150,"href":"https:\/\/www.praxis-hirschberg.com\/index.php?rest_route=\/wp\/v2\/pages\/143\/revisions\/150"}],"wp:attachment":[{"href":"https:\/\/www.praxis-hirschberg.com\/index.php?rest_route=%2Fwp%2Fv2%2Fmedia&parent=143"}],"curies":[{"name":"wp","href":"https:\/\/api.w.org\/{rel}","templated":true}]}}