{"id":75,"date":"2019-11-26T10:05:38","date_gmt":"2019-11-26T09:05:38","guid":{"rendered":"https:\/\/www.praxis-hirschberg.com\/?page_id=75"},"modified":"2019-12-10T11:49:04","modified_gmt":"2019-12-10T10:49:04","slug":"zur-person","status":"publish","type":"page","link":"https:\/\/www.praxis-hirschberg.com\/?page_id=75","title":{"rendered":"zur Person"},"content":{"rendered":"\n<div class=\"is-layout-flow wp-block-group\"><div class=\"wp-block-group__inner-container\">\n<div class=\"wp-block-media-text alignwide\"><figure class=\"wp-block-media-text__media\"><img decoding=\"async\" loading=\"lazy\" width=\"768\" height=\"1024\" src=\"https:\/\/www.praxis-hirschberg.com\/wp-content\/uploads\/2019\/12\/BildIMG_2794-768x1024.jpg\" alt=\"Jan-Per Hirschberg, Psychologe, Psychotherapiepraxis Wilmersdorf\" class=\"wp-image-175\" srcset=\"https:\/\/www.praxis-hirschberg.com\/wp-content\/uploads\/2019\/12\/BildIMG_2794-768x1024.jpg 768w, https:\/\/www.praxis-hirschberg.com\/wp-content\/uploads\/2019\/12\/BildIMG_2794-225x300.jpg 225w, https:\/\/www.praxis-hirschberg.com\/wp-content\/uploads\/2019\/12\/BildIMG_2794-1152x1536.jpg 1152w, https:\/\/www.praxis-hirschberg.com\/wp-content\/uploads\/2019\/12\/BildIMG_2794-1536x2048.jpg 1536w, https:\/\/www.praxis-hirschberg.com\/wp-content\/uploads\/2019\/12\/BildIMG_2794-scaled.jpg 1920w\" sizes=\"(max-width: 767px) 89vw, (max-width: 1000px) 54vw, (max-width: 1071px) 543px, 580px\" \/><\/figure><div class=\"wp-block-media-text__content\">\n<p style=\"font-size:15px\">Jan-Per Hirschberg, geb. 1969 in Berlin. Studium der Geschichte und Psychologie an der Freien Universit\u00e4t. Ich bin seit 1994 psychologisch und seit 2000 psychotherapeutisch t\u00e4tig. Die Ausbildung zum psychologischen Psychotherapeuten erfolgte am Institut f\u00fcr Verhaltenstherapie in Berlin mit dem Abschlu\u00df durch das Staatsexamen und die Erteilung der Approbation durch das Landesgesundheitsamt Berlin. <\/p>\n<\/div><\/div>\n<\/div><\/div>\n\n\n\n<p><\/p>\n\n\n\n<p><\/p>\n","protected":false},"excerpt":{"rendered":"<p>Jan-Per Hirschberg, geb. 1969 in Berlin. Studium der Geschichte und Psychologie an der Freien Universit\u00e4t. Ich bin seit 1994 psychologisch und seit 2000 psychotherapeutisch t\u00e4tig. Die Ausbildung zum psychologischen Psychotherapeuten erfolgte am Institut f\u00fcr Verhaltenstherapie in Berlin mit dem Abschlu\u00df durch das Staatsexamen und die Erteilung der Approbation durch das Landesgesundheitsamt Berlin.<\/p>\n","protected":false},"author":1,"featured_media":0,"parent":0,"menu_order":0,"comment_status":"closed","ping_status":"closed","template":"","meta":[],"yoast_head":"<!-- This site is optimized with the Yoast SEO plugin v20.4 - https:\/\/yoast.com\/wordpress\/plugins\/seo\/ -->\n<title>zur Person - Psychotherapiepraxis Wilmersdorf<\/title>\n<meta name=\"robots\" content=\"index, follow, max-snippet:-1, max-image-preview:large, max-video-preview:-1\" \/>\n<link rel=\"canonical\" href=\"https:\/\/www.praxis-hirschberg.com\/?page_id=75\" \/>\n<meta property=\"og:locale\" content=\"de_DE\" \/>\n<meta property=\"og:type\" content=\"article\" \/>\n<meta property=\"og:title\" content=\"zur Person - Psychotherapiepraxis Wilmersdorf\" \/>\n<meta property=\"og:description\" content=\"Jan-Per Hirschberg, geb. 1969 in Berlin. Studium der Geschichte und Psychologie an der Freien Universit\u00e4t. Ich bin seit 1994 psychologisch und seit 2000 psychotherapeutisch t\u00e4tig. Die Ausbildung zum psychologischen Psychotherapeuten erfolgte am Institut f\u00fcr Verhaltenstherapie in Berlin mit dem Abschlu\u00df durch das Staatsexamen und die Erteilung der Approbation durch das Landesgesundheitsamt Berlin.\" \/>\n<meta property=\"og:url\" content=\"https:\/\/www.praxis-hirschberg.com\/?page_id=75\" \/>\n<meta property=\"og:site_name\" content=\"Psychotherapiepraxis Wilmersdorf\" \/>\n<meta property=\"article:modified_time\" content=\"2019-12-10T10:49:04+00:00\" \/>\n<meta property=\"og:image\" content=\"https:\/\/www.praxis-hirschberg.com\/wp-content\/uploads\/2019\/12\/BildIMG_2794-768x1024.jpg\" \/>\n<meta name=\"twitter:card\" content=\"summary_large_image\" \/>\n<script type=\"application\/ld+json\" class=\"yoast-schema-graph\">{\"@context\":\"https:\/\/schema.org\",\"@graph\":[{\"@type\":\"WebPage\",\"@id\":\"https:\/\/www.praxis-hirschberg.com\/?page_id=75\",\"url\":\"https:\/\/www.praxis-hirschberg.com\/?page_id=75\",\"name\":\"zur Person - Psychotherapiepraxis Wilmersdorf\",\"isPartOf\":{\"@id\":\"https:\/\/www.praxis-hirschberg.com\/#website\"},\"datePublished\":\"2019-11-26T09:05:38+00:00\",\"dateModified\":\"2019-12-10T10:49:04+00:00\",\"breadcrumb\":{\"@id\":\"https:\/\/www.praxis-hirschberg.com\/?page_id=75#breadcrumb\"},\"inLanguage\":\"de\",\"potentialAction\":[{\"@type\":\"ReadAction\",\"target\":[\"https:\/\/www.praxis-hirschberg.com\/?page_id=75\"]}]},{\"@type\":\"BreadcrumbList\",\"@id\":\"https:\/\/www.praxis-hirschberg.com\/?page_id=75#breadcrumb\",\"itemListElement\":[{\"@type\":\"ListItem\",\"position\":1,\"name\":\"Startseite\",\"item\":\"https:\/\/www.praxis-hirschberg.com\/\"},{\"@type\":\"ListItem\",\"position\":2,\"name\":\"zur Person\"}]},{\"@type\":\"WebSite\",\"@id\":\"https:\/\/www.praxis-hirschberg.com\/#website\",\"url\":\"https:\/\/www.praxis-hirschberg.com\/\",\"name\":\"Psychotherapiepraxis Wilmersdorf\",\"description\":\"Dipl.-Psych. Jan-Per Hirschberg\",\"publisher\":{\"@id\":\"https:\/\/www.praxis-hirschberg.com\/#organization\"},\"potentialAction\":[{\"@type\":\"SearchAction\",\"target\":{\"@type\":\"EntryPoint\",\"urlTemplate\":\"https:\/\/www.praxis-hirschberg.com\/?s={search_term_string}\"},\"query-input\":\"required name=search_term_string\"}],\"inLanguage\":\"de\"},{\"@type\":\"Organization\",\"@id\":\"https:\/\/www.praxis-hirschberg.com\/#organization\",\"name\":\"Psychotherapiepraxis Wilmersdorf\",\"url\":\"https:\/\/www.praxis-hirschberg.com\/\",\"logo\":{\"@type\":\"ImageObject\",\"inLanguage\":\"de\",\"@id\":\"https:\/\/www.praxis-hirschberg.com\/#\/schema\/logo\/image\/\",\"url\":\"https:\/\/www.praxis-hirschberg.com\/wp-content\/uploads\/2020\/06\/Segelboot-Logo.jpg\",\"contentUrl\":\"https:\/\/www.praxis-hirschberg.com\/wp-content\/uploads\/2020\/06\/Segelboot-Logo.jpg\",\"width\":1700,\"height\":2338,\"caption\":\"Psychotherapiepraxis Wilmersdorf\"},\"image\":{\"@id\":\"https:\/\/www.praxis-hirschberg.com\/#\/schema\/logo\/image\/\"}}]}<\/script>\n<!-- \/ Yoast SEO plugin. -->","yoast_head_json":{"title":"zur Person - Psychotherapiepraxis Wilmersdorf","robots":{"index":"index","follow":"follow","max-snippet":"max-snippet:-1","max-image-preview":"max-image-preview:large","max-video-preview":"max-video-preview:-1"},"canonical":"https:\/\/www.praxis-hirschberg.com\/?page_id=75","og_locale":"de_DE","og_type":"article","og_title":"zur Person - Psychotherapiepraxis Wilmersdorf","og_description":"Jan-Per Hirschberg, geb. 1969 in Berlin. Studium der Geschichte und Psychologie an der Freien Universit\u00e4t. Ich bin seit 1994 psychologisch und seit 2000 psychotherapeutisch t\u00e4tig. Die Ausbildung zum psychologischen Psychotherapeuten erfolgte am Institut f\u00fcr Verhaltenstherapie in Berlin mit dem Abschlu\u00df durch das Staatsexamen und die Erteilung der Approbation durch das Landesgesundheitsamt Berlin.","og_url":"https:\/\/www.praxis-hirschberg.com\/?page_id=75","og_site_name":"Psychotherapiepraxis Wilmersdorf","article_modified_time":"2019-12-10T10:49:04+00:00","og_image":[{"url":"https:\/\/www.praxis-hirschberg.com\/wp-content\/uploads\/2019\/12\/BildIMG_2794-768x1024.jpg"}],"twitter_card":"summary_large_image","schema":{"@context":"https:\/\/schema.org","@graph":[{"@type":"WebPage","@id":"https:\/\/www.praxis-hirschberg.com\/?page_id=75","url":"https:\/\/www.praxis-hirschberg.com\/?page_id=75","name":"zur Person - Psychotherapiepraxis Wilmersdorf","isPartOf":{"@id":"https:\/\/www.praxis-hirschberg.com\/#website"},"datePublished":"2019-11-26T09:05:38+00:00","dateModified":"2019-12-10T10:49:04+00:00","breadcrumb":{"@id":"https:\/\/www.praxis-hirschberg.com\/?page_id=75#breadcrumb"},"inLanguage":"de","potentialAction":[{"@type":"ReadAction","target":["https:\/\/www.praxis-hirschberg.com\/?page_id=75"]}]},{"@type":"BreadcrumbList","@id":"https:\/\/www.praxis-hirschberg.com\/?page_id=75#breadcrumb","itemListElement":[{"@type":"ListItem","position":1,"name":"Startseite","item":"https:\/\/www.praxis-hirschberg.com\/"},{"@type":"ListItem","position":2,"name":"zur Person"}]},{"@type":"WebSite","@id":"https:\/\/www.praxis-hirschberg.com\/#website","url":"https:\/\/www.praxis-hirschberg.com\/","name":"Psychotherapiepraxis Wilmersdorf","description":"Dipl.-Psych. Jan-Per Hirschberg","publisher":{"@id":"https:\/\/www.praxis-hirschberg.com\/#organization"},"potentialAction":[{"@type":"SearchAction","target":{"@type":"EntryPoint","urlTemplate":"https:\/\/www.praxis-hirschberg.com\/?s={search_term_string}"},"query-input":"required name=search_term_string"}],"inLanguage":"de"},{"@type":"Organization","@id":"https:\/\/www.praxis-hirschberg.com\/#organization","name":"Psychotherapiepraxis Wilmersdorf","url":"https:\/\/www.praxis-hirschberg.com\/","logo":{"@type":"ImageObject","inLanguage":"de","@id":"https:\/\/www.praxis-hirschberg.com\/#\/schema\/logo\/image\/","url":"https:\/\/www.praxis-hirschberg.com\/wp-content\/uploads\/2020\/06\/Segelboot-Logo.jpg","contentUrl":"https:\/\/www.praxis-hirschberg.com\/wp-content\/uploads\/2020\/06\/Segelboot-Logo.jpg","width":1700,"height":2338,"caption":"Psychotherapiepraxis Wilmersdorf"},"image":{"@id":"https:\/\/www.praxis-hirschberg.com\/#\/schema\/logo\/image\/"}}]}},"_links":{"self":[{"href":"https:\/\/www.praxis-hirschberg.com\/index.php?rest_route=\/wp\/v2\/pages\/75"}],"collection":[{"href":"https:\/\/www.praxis-hirschberg.com\/index.php?rest_route=\/wp\/v2\/pages"}],"about":[{"href":"https:\/\/www.praxis-hirschberg.com\/index.php?rest_route=\/wp\/v2\/types\/page"}],"author":[{"embeddable":true,"href":"https:\/\/www.praxis-hirschberg.com\/index.php?rest_route=\/wp\/v2\/users\/1"}],"replies":[{"embeddable":true,"href":"https:\/\/www.praxis-hirschberg.com\/index.php?rest_route=%2Fwp%2Fv2%2Fcomments&post=75"}],"version-history":[{"count":5,"href":"https:\/\/www.praxis-hirschberg.com\/index.php?rest_route=\/wp\/v2\/pages\/75\/revisions"}],"predecessor-version":[{"id":180,"href":"https:\/\/www.praxis-hirschberg.com\/index.php?rest_route=\/wp\/v2\/pages\/75\/revisions\/180"}],"wp:attachment":[{"href":"https:\/\/www.praxis-hirschberg.com\/index.php?rest_route=%2Fwp%2Fv2%2Fmedia&parent=75"}],"curies":[{"name":"wp","href":"https:\/\/api.w.org\/{rel}","templated":true}]}}