{"id":97,"date":"2019-11-26T10:48:14","date_gmt":"2019-11-26T09:48:14","guid":{"rendered":"https:\/\/www.praxis-hirschberg.com\/?page_id=97"},"modified":"2019-11-26T10:48:49","modified_gmt":"2019-11-26T09:48:49","slug":"psychotherapie","status":"publish","type":"page","link":"https:\/\/www.praxis-hirschberg.com\/?page_id=97","title":{"rendered":"Psychotherapie"},"content":{"rendered":"<h1>Psychotherapie<\/h1>\n<p><strong>\u00a0<\/strong><\/p>\n<p>Hier m\u00f6chte ich Ihnen ein Paar Informationen \u00fcber die Schwerpunkte und Spezialgebiete unserer Praxis geben. Wir sind eine verhaltenstherapeutische Psychotherapiepraxis. Hierf\u00fcr besteht die Kassenzulassung und diese Form der Therapie ist unser T\u00e4tigkeitsfeld. Zun\u00e4chst einige Worte, was dies bedeutet. Verhaltenstherapie ist eine gut wirksame und anerkannte Therapieform. Dabei steht das Lernen im Mittelpunkt, d.h. es handelt sich um eine ver\u00e4nderungsorientierte Therapieform. Wenn Sie sich zu einer Behandlung entschlie\u00dfen, erleben Sie eine Zustand der Unzufriedenheit und w\u00fcnschen sich, dass dieser ge\u00e4ndert wird. Ziel dieser Ver\u00e4nderung ist in der Regel eine Problembew\u00e4ltigung. Damit orientieren wir uns am sog. Selbstmanagementansatz. Das sicher nur selten und schwer zu erreichende Ziel dieser Therapie ist es Sie zu ihrem eigenen Therapeuten zu machen. W\u00e4hrend der Behandlung erlernen Sie also neue M\u00f6glichkeiten und Methoden mit ihrem Problem umzugehen und es zu ver\u00e4ndern. Zun\u00e4chst erhalten Sie aktive Hilfestellung bei der Problembew\u00e4ltigung, dann erfolgt ein Teil der sich mit der Kl\u00e4rung, also dem Warum befasst. Im Anschlu\u00df werden Sie neue Lernerfahrungen machen, d.h. wir verlassen den gesch\u00fctzten Therapieraum und stellen uns dem Problem in der Realit\u00e4t. Hierbei wird sich auch ein Teil der Zeit mit der Aktivierung ihrer eigenen Ressourcen, d.h. wir gehen davon aus, dass jeder \u00fcber geeignete M\u00f6glichkeiten zur Probleml\u00f6sung verf\u00fcgt, die im Augenblick nur ungenutzt sind.<\/p>\n<p>Im Allgemeinen hat Verhaltenstherapie sieben Prinzipien nach denen sie durchgef\u00fchrt wird. Sie ist transparent, d.h. Offenheit und Mitsprache des Therapeuten gegen\u00fcber dem Klienten.<\/p>\n<p>Sie ist problemorientiert, d.h. am Ende steht kein \u201eneuer Mensch\u201c, sondern eine L\u00f6sung.<\/p>\n<p>Sie ist individuell, d.h. es gibt keine Standardtherapie f\u00fcr alle Klienten.<\/p>\n<p>Sie ist aktiv, d.h. ein Gelingen setzt eine Beteiligung des Klienten voraus, weil eine blo\u00dfe Einsicht keine Ver\u00e4nderung mit sich bringt.<\/p>\n<p>Sie ist zukunftsorientiert, d.h. in kleinen Schritten zu einem \u00fcbergeordneten Ziel.<\/p>\n<p>Sie ist erfahrungsorientiert, d.h. durch Lernen und Handeln auch au\u00dferhalb des Therapieraumes neue Erfahrungen machen, um meine Ziele zu erreichen.<\/p>\n<p>Sie ist empirisch, d.h. sie mu\u00df wissenschaftlich nachpr\u00fcfbar sein und dem neuesten Stand der psychologischen Forschung entsprechen.<\/p>\n<p>Dies alles erfolgt vor dem Hintergrund der Analyse der individuellen, biographischen Erfahrungen des Klienten und seinen aktuellen Problemen.<\/p>\n","protected":false},"excerpt":{"rendered":"<p>Psychotherapie \u00a0 Hier m\u00f6chte ich Ihnen ein Paar Informationen \u00fcber die Schwerpunkte und Spezialgebiete unserer Praxis geben. Wir sind eine verhaltenstherapeutische Psychotherapiepraxis. Hierf\u00fcr besteht die Kassenzulassung und diese Form der Therapie ist unser T\u00e4tigkeitsfeld. Zun\u00e4chst einige Worte, was dies bedeutet. Verhaltenstherapie ist eine gut wirksame und anerkannte Therapieform. Dabei steht das Lernen im Mittelpunkt, d.h. &hellip; <\/p>\n<p class=\"link-more\"><a href=\"https:\/\/www.praxis-hirschberg.com\/?page_id=97\" class=\"more-link\"><span class=\"screen-reader-text\">\u201ePsychotherapie\u201c<\/span> weiterlesen<\/a><\/p>\n","protected":false},"author":1,"featured_media":0,"parent":64,"menu_order":0,"comment_status":"closed","ping_status":"closed","template":"","meta":[],"yoast_head":"<!-- This site is optimized with the Yoast SEO plugin v20.4 - https:\/\/yoast.com\/wordpress\/plugins\/seo\/ -->\n<title>Psychotherapie - Psychotherapiepraxis Wilmersdorf<\/title>\n<meta name=\"robots\" content=\"index, follow, max-snippet:-1, max-image-preview:large, max-video-preview:-1\" \/>\n<link rel=\"canonical\" href=\"https:\/\/www.praxis-hirschberg.com\/?page_id=97\" \/>\n<meta property=\"og:locale\" content=\"de_DE\" \/>\n<meta property=\"og:type\" content=\"article\" \/>\n<meta property=\"og:title\" content=\"Psychotherapie - Psychotherapiepraxis Wilmersdorf\" \/>\n<meta property=\"og:description\" content=\"Psychotherapie \u00a0 Hier m\u00f6chte ich Ihnen ein Paar Informationen \u00fcber die Schwerpunkte und Spezialgebiete unserer Praxis geben. Wir sind eine verhaltenstherapeutische Psychotherapiepraxis. Hierf\u00fcr besteht die Kassenzulassung und diese Form der Therapie ist unser T\u00e4tigkeitsfeld. Zun\u00e4chst einige Worte, was dies bedeutet. Verhaltenstherapie ist eine gut wirksame und anerkannte Therapieform. Dabei steht das Lernen im Mittelpunkt, d.h. &hellip; \u201ePsychotherapie\u201c weiterlesen\" \/>\n<meta property=\"og:url\" content=\"https:\/\/www.praxis-hirschberg.com\/?page_id=97\" \/>\n<meta property=\"og:site_name\" content=\"Psychotherapiepraxis Wilmersdorf\" \/>\n<meta property=\"article:modified_time\" content=\"2019-11-26T09:48:49+00:00\" \/>\n<meta name=\"twitter:card\" content=\"summary_large_image\" \/>\n<meta name=\"twitter:label1\" content=\"Gesch\u00e4tzte Lesezeit\" \/>\n\t<meta name=\"twitter:data1\" content=\"2\u00a0Minuten\" \/>\n<script type=\"application\/ld+json\" class=\"yoast-schema-graph\">{\"@context\":\"https:\/\/schema.org\",\"@graph\":[{\"@type\":\"WebPage\",\"@id\":\"https:\/\/www.praxis-hirschberg.com\/?page_id=97\",\"url\":\"https:\/\/www.praxis-hirschberg.com\/?page_id=97\",\"name\":\"Psychotherapie - Psychotherapiepraxis Wilmersdorf\",\"isPartOf\":{\"@id\":\"https:\/\/www.praxis-hirschberg.com\/#website\"},\"datePublished\":\"2019-11-26T09:48:14+00:00\",\"dateModified\":\"2019-11-26T09:48:49+00:00\",\"breadcrumb\":{\"@id\":\"https:\/\/www.praxis-hirschberg.com\/?page_id=97#breadcrumb\"},\"inLanguage\":\"de\",\"potentialAction\":[{\"@type\":\"ReadAction\",\"target\":[\"https:\/\/www.praxis-hirschberg.com\/?page_id=97\"]}]},{\"@type\":\"BreadcrumbList\",\"@id\":\"https:\/\/www.praxis-hirschberg.com\/?page_id=97#breadcrumb\",\"itemListElement\":[{\"@type\":\"ListItem\",\"position\":1,\"name\":\"Startseite\",\"item\":\"https:\/\/www.praxis-hirschberg.com\/\"},{\"@type\":\"ListItem\",\"position\":2,\"name\":\"Wir \u00fcber uns\",\"item\":\"https:\/\/www.praxis-hirschberg.com\/?page_id=64\"},{\"@type\":\"ListItem\",\"position\":3,\"name\":\"Psychotherapie\"}]},{\"@type\":\"WebSite\",\"@id\":\"https:\/\/www.praxis-hirschberg.com\/#website\",\"url\":\"https:\/\/www.praxis-hirschberg.com\/\",\"name\":\"Psychotherapiepraxis Wilmersdorf\",\"description\":\"Dipl.-Psych. Jan-Per Hirschberg\",\"publisher\":{\"@id\":\"https:\/\/www.praxis-hirschberg.com\/#organization\"},\"potentialAction\":[{\"@type\":\"SearchAction\",\"target\":{\"@type\":\"EntryPoint\",\"urlTemplate\":\"https:\/\/www.praxis-hirschberg.com\/?s={search_term_string}\"},\"query-input\":\"required name=search_term_string\"}],\"inLanguage\":\"de\"},{\"@type\":\"Organization\",\"@id\":\"https:\/\/www.praxis-hirschberg.com\/#organization\",\"name\":\"Psychotherapiepraxis Wilmersdorf\",\"url\":\"https:\/\/www.praxis-hirschberg.com\/\",\"logo\":{\"@type\":\"ImageObject\",\"inLanguage\":\"de\",\"@id\":\"https:\/\/www.praxis-hirschberg.com\/#\/schema\/logo\/image\/\",\"url\":\"https:\/\/www.praxis-hirschberg.com\/wp-content\/uploads\/2020\/06\/Segelboot-Logo.jpg\",\"contentUrl\":\"https:\/\/www.praxis-hirschberg.com\/wp-content\/uploads\/2020\/06\/Segelboot-Logo.jpg\",\"width\":1700,\"height\":2338,\"caption\":\"Psychotherapiepraxis Wilmersdorf\"},\"image\":{\"@id\":\"https:\/\/www.praxis-hirschberg.com\/#\/schema\/logo\/image\/\"}}]}<\/script>\n<!-- \/ Yoast SEO plugin. -->","yoast_head_json":{"title":"Psychotherapie - Psychotherapiepraxis Wilmersdorf","robots":{"index":"index","follow":"follow","max-snippet":"max-snippet:-1","max-image-preview":"max-image-preview:large","max-video-preview":"max-video-preview:-1"},"canonical":"https:\/\/www.praxis-hirschberg.com\/?page_id=97","og_locale":"de_DE","og_type":"article","og_title":"Psychotherapie - Psychotherapiepraxis Wilmersdorf","og_description":"Psychotherapie \u00a0 Hier m\u00f6chte ich Ihnen ein Paar Informationen \u00fcber die Schwerpunkte und Spezialgebiete unserer Praxis geben. Wir sind eine verhaltenstherapeutische Psychotherapiepraxis. Hierf\u00fcr besteht die Kassenzulassung und diese Form der Therapie ist unser T\u00e4tigkeitsfeld. Zun\u00e4chst einige Worte, was dies bedeutet. Verhaltenstherapie ist eine gut wirksame und anerkannte Therapieform. Dabei steht das Lernen im Mittelpunkt, d.h. &hellip; \u201ePsychotherapie\u201c weiterlesen","og_url":"https:\/\/www.praxis-hirschberg.com\/?page_id=97","og_site_name":"Psychotherapiepraxis Wilmersdorf","article_modified_time":"2019-11-26T09:48:49+00:00","twitter_card":"summary_large_image","twitter_misc":{"Gesch\u00e4tzte Lesezeit":"2\u00a0Minuten"},"schema":{"@context":"https:\/\/schema.org","@graph":[{"@type":"WebPage","@id":"https:\/\/www.praxis-hirschberg.com\/?page_id=97","url":"https:\/\/www.praxis-hirschberg.com\/?page_id=97","name":"Psychotherapie - Psychotherapiepraxis Wilmersdorf","isPartOf":{"@id":"https:\/\/www.praxis-hirschberg.com\/#website"},"datePublished":"2019-11-26T09:48:14+00:00","dateModified":"2019-11-26T09:48:49+00:00","breadcrumb":{"@id":"https:\/\/www.praxis-hirschberg.com\/?page_id=97#breadcrumb"},"inLanguage":"de","potentialAction":[{"@type":"ReadAction","target":["https:\/\/www.praxis-hirschberg.com\/?page_id=97"]}]},{"@type":"BreadcrumbList","@id":"https:\/\/www.praxis-hirschberg.com\/?page_id=97#breadcrumb","itemListElement":[{"@type":"ListItem","position":1,"name":"Startseite","item":"https:\/\/www.praxis-hirschberg.com\/"},{"@type":"ListItem","position":2,"name":"Wir \u00fcber uns","item":"https:\/\/www.praxis-hirschberg.com\/?page_id=64"},{"@type":"ListItem","position":3,"name":"Psychotherapie"}]},{"@type":"WebSite","@id":"https:\/\/www.praxis-hirschberg.com\/#website","url":"https:\/\/www.praxis-hirschberg.com\/","name":"Psychotherapiepraxis Wilmersdorf","description":"Dipl.-Psych. Jan-Per Hirschberg","publisher":{"@id":"https:\/\/www.praxis-hirschberg.com\/#organization"},"potentialAction":[{"@type":"SearchAction","target":{"@type":"EntryPoint","urlTemplate":"https:\/\/www.praxis-hirschberg.com\/?s={search_term_string}"},"query-input":"required name=search_term_string"}],"inLanguage":"de"},{"@type":"Organization","@id":"https:\/\/www.praxis-hirschberg.com\/#organization","name":"Psychotherapiepraxis Wilmersdorf","url":"https:\/\/www.praxis-hirschberg.com\/","logo":{"@type":"ImageObject","inLanguage":"de","@id":"https:\/\/www.praxis-hirschberg.com\/#\/schema\/logo\/image\/","url":"https:\/\/www.praxis-hirschberg.com\/wp-content\/uploads\/2020\/06\/Segelboot-Logo.jpg","contentUrl":"https:\/\/www.praxis-hirschberg.com\/wp-content\/uploads\/2020\/06\/Segelboot-Logo.jpg","width":1700,"height":2338,"caption":"Psychotherapiepraxis Wilmersdorf"},"image":{"@id":"https:\/\/www.praxis-hirschberg.com\/#\/schema\/logo\/image\/"}}]}},"_links":{"self":[{"href":"https:\/\/www.praxis-hirschberg.com\/index.php?rest_route=\/wp\/v2\/pages\/97"}],"collection":[{"href":"https:\/\/www.praxis-hirschberg.com\/index.php?rest_route=\/wp\/v2\/pages"}],"about":[{"href":"https:\/\/www.praxis-hirschberg.com\/index.php?rest_route=\/wp\/v2\/types\/page"}],"author":[{"embeddable":true,"href":"https:\/\/www.praxis-hirschberg.com\/index.php?rest_route=\/wp\/v2\/users\/1"}],"replies":[{"embeddable":true,"href":"https:\/\/www.praxis-hirschberg.com\/index.php?rest_route=%2Fwp%2Fv2%2Fcomments&post=97"}],"version-history":[{"count":1,"href":"https:\/\/www.praxis-hirschberg.com\/index.php?rest_route=\/wp\/v2\/pages\/97\/revisions"}],"predecessor-version":[{"id":98,"href":"https:\/\/www.praxis-hirschberg.com\/index.php?rest_route=\/wp\/v2\/pages\/97\/revisions\/98"}],"up":[{"embeddable":true,"href":"https:\/\/www.praxis-hirschberg.com\/index.php?rest_route=\/wp\/v2\/pages\/64"}],"wp:attachment":[{"href":"https:\/\/www.praxis-hirschberg.com\/index.php?rest_route=%2Fwp%2Fv2%2Fmedia&parent=97"}],"curies":[{"name":"wp","href":"https:\/\/api.w.org\/{rel}","templated":true}]}}